{"id":11,"date":"2023-09-10T11:56:15","date_gmt":"2023-09-10T09:56:15","guid":{"rendered":"https:\/\/test.therapiekletterwand.eu\/?page_id=11"},"modified":"2026-02-06T09:46:09","modified_gmt":"2026-02-06T08:46:09","slug":"kontakt","status":"publish","type":"page","link":"https:\/\/therapiekletterwand.eu\/en\/kontakt\/","title":{"rendered":"Contact"},"content":{"rendered":"\t\t<div data-elementor-type=\"wp-page\" data-elementor-id=\"11\" class=\"elementor elementor-11\">\n\t\t\t\t\t\t<section class=\"elementor-section elementor-top-section elementor-element elementor-element-7ad45eb elementor-section-height-min-height elementor-section-items-top elementor-section-boxed elementor-section-height-default\" data-id=\"7ad45eb\" data-element_type=\"section\" data-e-type=\"section\" data-settings=\"{&quot;background_background&quot;:&quot;classic&quot;}\">\n\t\t\t\t\t\t<div class=\"elementor-container elementor-column-gap-default\">\n\t\t\t\t\t<div class=\"elementor-column elementor-col-50 elementor-top-column elementor-element elementor-element-46d1c5f\" data-id=\"46d1c5f\" data-element_type=\"column\" data-e-type=\"column\" data-settings=\"{&quot;background_background&quot;:&quot;classic&quot;}\">\n\t\t\t<div class=\"elementor-widget-wrap elementor-element-populated\">\n\t\t\t\t\t\t<div class=\"elementor-element elementor-element-e3b557b elementor-widget__width-inherit elementor-widget elementor-widget-heading\" data-id=\"e3b557b\" data-element_type=\"widget\" data-e-type=\"widget\" data-widget_type=\"heading.default\">\n\t\t\t\t<div class=\"elementor-widget-container\">\n\t\t\t\t\t<h2 class=\"elementor-heading-title elementor-size-default\">Schicken Sie uns Ihre Anfrage!<\/h2>\t\t\t\t<\/div>\n\t\t\t\t<\/div>\n\t\t\t\t<div class=\"elementor-element elementor-element-1baf4f7 elementor-widget elementor-widget-text-editor\" data-id=\"1baf4f7\" data-element_type=\"widget\" data-e-type=\"widget\" data-widget_type=\"text-editor.default\">\n\t\t\t\t<div class=\"elementor-widget-container\">\n\t\t\t\t\t\t\t\t\t<p>Wir freuen uns \u00fcber Ihre Nachricht.<\/p>\n<p>Ob Fragen, Ideen oder konkrete Projektanfragen, wir sind gerne f\u00fcr Sie da. Schreiben Sie uns, und wir melden uns zeitnah zur\u00fcck.<\/p>\t\t\t\t\t\t\t\t<\/div>\n\t\t\t\t<\/div>\n\t\t\t\t<div class=\"elementor-element elementor-element-d236114 elementor-align-start underline-hover elementor-icon-list--layout-traditional elementor-list-item-link-full_width elementor-widget elementor-widget-icon-list\" data-id=\"d236114\" data-element_type=\"widget\" data-e-type=\"widget\" data-widget_type=\"icon-list.default\">\n\t\t\t\t<div class=\"elementor-widget-container\">\n\t\t\t\t\t\t\t<ul class=\"elementor-icon-list-items\">\n\t\t\t\t\t\t\t<li class=\"elementor-icon-list-item\">\n\t\t\t\t\t\t\t\t\t\t\t<a href=\"mailto:office@therapiekletterwand.eu\">\n\n\t\t\t\t\t\t\t\t\t\t\t\t<span class=\"elementor-icon-list-icon\">\n\t\t\t\t\t\t\t<i aria-hidden=\"true\" class=\"fas fa-envelope\"><\/i>\t\t\t\t\t\t<\/span>\n\t\t\t\t\t\t\t\t\t\t<span class=\"elementor-icon-list-text\">office@therapiekletterwand.eu<\/span>\n\t\t\t\t\t\t\t\t\t\t\t<\/a>\n\t\t\t\t\t\t\t\t\t<\/li>\n\t\t\t\t\t\t\t\t<li class=\"elementor-icon-list-item\">\n\t\t\t\t\t\t\t\t\t\t\t<a href=\"tel:+43743550242\">\n\n\t\t\t\t\t\t\t\t\t\t\t\t<span class=\"elementor-icon-list-icon\">\n\t\t\t\t\t\t\t<i aria-hidden=\"true\" class=\"fas fa-phone-alt\"><\/i>\t\t\t\t\t\t<\/span>\n\t\t\t\t\t\t\t\t\t\t<span class=\"elementor-icon-list-text\">+43 7435 50242<\/span>\n\t\t\t\t\t\t\t\t\t\t\t<\/a>\n\t\t\t\t\t\t\t\t\t<\/li>\n\t\t\t\t\t\t\t\t<li class=\"elementor-icon-list-item\">\n\t\t\t\t\t\t\t\t\t\t\t<a href=\"tel:+43743550242\">\n\n\t\t\t\t\t\t\t\t\t\t\t\t<span class=\"elementor-icon-list-icon\">\n\t\t\t\t\t\t\t<i aria-hidden=\"true\" class=\"fas fa-phone-alt\"><\/i>\t\t\t\t\t\t<\/span>\n\t\t\t\t\t\t\t\t\t\t<span class=\"elementor-icon-list-text\">+43 680 33 22 4 99<\/span>\n\t\t\t\t\t\t\t\t\t\t\t<\/a>\n\t\t\t\t\t\t\t\t\t<\/li>\n\t\t\t\t\t\t<\/ul>\n\t\t\t\t\t\t<\/div>\n\t\t\t\t<\/div>\n\t\t\t\t\t<\/div>\n\t\t<\/div>\n\t\t\t\t<div class=\"elementor-column elementor-col-50 elementor-top-column elementor-element elementor-element-d84f2e2\" data-id=\"d84f2e2\" data-element_type=\"column\" data-e-type=\"column\" data-settings=\"{&quot;background_background&quot;:&quot;classic&quot;}\">\n\t\t\t<div class=\"elementor-widget-wrap elementor-element-populated\">\n\t\t\t\t\t\t<div class=\"elementor-element elementor-element-b5de06e elementor-widget__width-inherit elementor-widget elementor-widget-wpforms\" data-id=\"b5de06e\" data-element_type=\"widget\" data-e-type=\"widget\" data-widget_type=\"wpforms.default\">\n\t\t\t\t<div class=\"elementor-widget-container\">\n\t\t\t\t\t<style id=\"wpforms-css-vars-elementor-widget-b5de06e\">\n\t\t\t\t.elementor-widget-wpforms.elementor-element-b5de06e {\n\t\t\t\t--wpforms-label-color: #202020;\n--wpforms-button-border-radius: 20px;\n--wpforms-button-background-color: #85BB3D;\n\t\t\t}\n\t\t\t<\/style><div class=\"wpforms-container wpforms-container-full wpforms-render-modern\" id=\"wpforms-208\"><form id=\"wpforms-form-208\" class=\"wpforms-validate wpforms-form wpforms-ajax-form\" data-formid=\"208\" method=\"post\" enctype=\"multipart\/form-data\" action=\"\/en\/wp-json\/wp\/v2\/pages\/11\" data-token=\"a61faad8476591ec5955eabe85d76169\" data-token-time=\"1776787543\"><noscript class=\"wpforms-error-noscript\">Please enable JavaScript in your browser to complete this form.<\/noscript><div id=\"wpforms-error-noscript\" style=\"display: none;\">Please enable JavaScript in your browser to complete this form.<\/div><div class=\"wpforms-field-container\"><div id=\"wpforms-208-field_0-container\" class=\"wpforms-field wpforms-field-name\" data-field-id=\"0\"><fieldset><legend class=\"wpforms-field-label\">Name <span class=\"wpforms-required-label\" aria-hidden=\"true\">*<\/span><\/legend><div class=\"wpforms-field-row wpforms-field-large\"><div class=\"wpforms-field-row-block wpforms-first wpforms-one-half\"><input type=\"text\" id=\"wpforms-208-field_0\" class=\"wpforms-field-name-first wpforms-field-required\" name=\"wpforms[fields][0][first]\" placeholder=\"Vorname\" aria-errormessage=\"wpforms-208-field_0-error\" required><label for=\"wpforms-208-field_0\" class=\"wpforms-field-sublabel after wpforms-sublabel-hide\">First<\/label><\/div><div class=\"wpforms-field-row-block wpforms-one-half\"><input type=\"text\" id=\"wpforms-208-field_0-last\" class=\"wpforms-field-name-last wpforms-field-required\" name=\"wpforms[fields][0][last]\" placeholder=\"Nachname\" aria-errormessage=\"wpforms-208-field_0-last-error\" required><label for=\"wpforms-208-field_0-last\" class=\"wpforms-field-sublabel after wpforms-sublabel-hide\">Last<\/label><\/div><\/div><\/fieldset><\/div>\t\t<div id=\"wpforms-208-field_3-container\"\n\t\t\tclass=\"wpforms-field wpforms-field-text\"\n\t\t\tdata-field-type=\"text\"\n\t\t\tdata-field-id=\"3\"\n\t\t\t>\n\t\t\t<label class=\"wpforms-field-label\" for=\"wpforms-208-field_3\" >Name Datenschutzerkl\u00e4rung Anfrage<\/label>\n\t\t\t<input type=\"text\" id=\"wpforms-208-field_3\" class=\"wpforms-field-medium\" name=\"wpforms[fields][3]\" >\n\t\t<\/div>\n\t\t<div id=\"wpforms-208-field_1-container\" class=\"wpforms-field wpforms-field-email\" data-field-id=\"1\"><label class=\"wpforms-field-label\" for=\"wpforms-208-field_1\">E-Mail <span class=\"wpforms-required-label\" aria-hidden=\"true\">*<\/span><\/label><input type=\"email\" id=\"wpforms-208-field_1\" class=\"wpforms-field-large wpforms-field-required\" name=\"wpforms[fields][1]\" spellcheck=\"false\" aria-errormessage=\"wpforms-208-field_1-error\" required><\/div><div id=\"wpforms-208-field_4-container\" class=\"wpforms-field wpforms-field-text\" data-field-id=\"4\"><label class=\"wpforms-field-label\" for=\"wpforms-208-field_4\">Telefonnummer<\/label><input type=\"text\" id=\"wpforms-208-field_4\" class=\"wpforms-field-large\" name=\"wpforms[fields][4]\" aria-errormessage=\"wpforms-208-field_4-error\" ><\/div><div id=\"wpforms-208-field_2-container\" class=\"wpforms-field wpforms-field-textarea\" data-field-id=\"2\"><label class=\"wpforms-field-label\" for=\"wpforms-208-field_2\">Anfrage <span class=\"wpforms-required-label\" aria-hidden=\"true\">*<\/span><\/label><textarea id=\"wpforms-208-field_2\" class=\"wpforms-field-medium wpforms-field-required\" name=\"wpforms[fields][2]\" aria-errormessage=\"wpforms-208-field_2-error\" required><\/textarea><\/div><div id=\"wpforms-208-field_17-container\" class=\"wpforms-field wpforms-field-checkbox\" data-field-id=\"17\"><fieldset><legend class=\"wpforms-field-label wpforms-label-hide\" aria-hidden=\"false\">Datenschutzerkl\u00e4rung <span class=\"wpforms-required-label\" aria-hidden=\"true\">*<\/span><\/legend><ul id=\"wpforms-208-field_17\" class=\"wpforms-field-required\"><li class=\"choice-1 depth-1\"><input type=\"checkbox\" id=\"wpforms-208-field_17_1\" name=\"wpforms[fields][17][]\" value=\"Ich habe die &lt;a href=&quot;https:\/\/therapiekletterwand.eu\/datenschutz\/&quot; target=&quot;_blank&quot;&gt;Datenschutzerkl\u00e4rung&lt;\/a&gt; gelesen und stimme der Speicherung meiner Daten zur Beantwortung meiner Anfrage zu.\" aria-errormessage=\"wpforms-208-field_17_1-error\" required ><label class=\"wpforms-field-label-inline\" for=\"wpforms-208-field_17_1\">Ich habe die <a href=\"https:\/\/therapiekletterwand.eu\/datenschutz\/\" target=\"_blank\">Datenschutzerkl\u00e4rung<\/a> gelesen und stimme der Speicherung meiner Daten zur Beantwortung meiner Anfrage zu.<\/label><\/li><\/ul><\/fieldset><\/div><script>\n\t\t\t\t( function() {\n\t\t\t\t\tconst style = document.createElement( 'style' );\n\t\t\t\t\tstyle.appendChild( document.createTextNode( '#wpforms-208-field_3-container { position: absolute !important; overflow: hidden !important; display: inline !important; height: 1px !important; width: 1px !important; z-index: -1000 !important; padding: 0 !important; } #wpforms-208-field_3-container input { visibility: hidden; } #wpforms-conversational-form-page #wpforms-208-field_3-container label { counter-increment: none; }' ) );\n\t\t\t\t\tdocument.head.appendChild( style );\n\t\t\t\t\tdocument.currentScript?.remove();\n\t\t\t\t} )();\n\t\t\t<\/script><\/div><!-- .wpforms-field-container --><div class=\"wpforms-recaptcha-container wpforms-is-recaptcha wpforms-is-recaptcha-type-invisible\" ><div class=\"g-recaptcha\" data-sitekey=\"6LfrB30pAAAAAKjf7L-ujd7e7Ua58k8PE-lJpLdV\" data-size=\"invisible\"><\/div><\/div><div class=\"wpforms-submit-container\" ><input type=\"hidden\" name=\"wpforms[id]\" value=\"208\"><input type=\"hidden\" name=\"page_title\" value=\"\"><input type=\"hidden\" name=\"page_url\" value=\"https:\/\/therapiekletterwand.eu\/en\/wp-json\/wp\/v2\/pages\/11\"><input type=\"hidden\" name=\"url_referer\" value=\"\"><button type=\"submit\" name=\"wpforms[submit]\" id=\"wpforms-submit-208\" class=\"wpforms-submit\" data-alt-text=\"Sendet...\" data-submit-text=\"Senden\" aria-live=\"assertive\" value=\"wpforms-submit\">Senden<\/button><img decoding=\"async\" src=\"https:\/\/therapiekletterwand.eu\/wp-content\/plugins\/wpforms-lite\/assets\/images\/submit-spin.svg\" class=\"wpforms-submit-spinner\" style=\"display: none;\" width=\"26\" height=\"26\" alt=\"Loading\"><\/div><\/form><\/div>  <!-- .wpforms-container -->\t\t\t\t<\/div>\n\t\t\t\t<\/div>\n\t\t\t\t\t<\/div>\n\t\t<\/div>\n\t\t\t\t\t<\/div>\n\t\t<\/section>\n\t\t\t\t<\/div>\n\t\t","protected":false},"excerpt":{"rendered":"<p>Schicken Sie uns Ihre Anfrage! Wir freuen uns \u00fcber Ihre Nachricht. Ob Fragen, Ideen oder konkrete Projektanfragen, wir sind gerne f\u00fcr Sie da. Schreiben Sie uns, und wir melden uns zeitnah zur\u00fcck. office@therapiekletterwand.eu +43 7435 50242 +43 680 33 22 4 99 Please enable JavaScript in your browser to complete this form.Please enable JavaScript in [&hellip;]<\/p>\n","protected":false},"author":1,"featured_media":2707,"parent":0,"menu_order":0,"comment_status":"closed","ping_status":"closed","template":"","meta":{"ocean_post_layout":"","ocean_both_sidebars_style":"","ocean_both_sidebars_content_width":0,"ocean_both_sidebars_sidebars_width":0,"ocean_sidebar":"","ocean_second_sidebar":"","ocean_disable_margins":"enable","ocean_add_body_class":"","ocean_shortcode_before_top_bar":"","ocean_shortcode_after_top_bar":"","ocean_shortcode_before_header":"","ocean_shortcode_after_header":"","ocean_has_shortcode":"","ocean_shortcode_after_title":"","ocean_shortcode_before_footer_widgets":"","ocean_shortcode_after_footer_widgets":"","ocean_shortcode_before_footer_bottom":"","ocean_shortcode_after_footer_bottom":"","ocean_display_top_bar":"default","ocean_display_header":"default","ocean_header_style":"","ocean_center_header_left_menu":"","ocean_custom_header_template":"","ocean_custom_logo":0,"ocean_custom_retina_logo":0,"ocean_custom_logo_max_width":0,"ocean_custom_logo_tablet_max_width":0,"ocean_custom_logo_mobile_max_width":0,"ocean_custom_logo_max_height":0,"ocean_custom_logo_tablet_max_height":0,"ocean_custom_logo_mobile_max_height":0,"ocean_header_custom_menu":"","ocean_menu_typo_font_family":"","ocean_menu_typo_font_subset":"","ocean_menu_typo_font_size":0,"ocean_menu_typo_font_size_tablet":0,"ocean_menu_typo_font_size_mobile":0,"ocean_menu_typo_font_size_unit":"px","ocean_menu_typo_font_weight":"","ocean_menu_typo_font_weight_tablet":"","ocean_menu_typo_font_weight_mobile":"","ocean_menu_typo_transform":"","ocean_menu_typo_transform_tablet":"","ocean_menu_typo_transform_mobile":"","ocean_menu_typo_line_height":0,"ocean_menu_typo_line_height_tablet":0,"ocean_menu_typo_line_height_mobile":0,"ocean_menu_typo_line_height_unit":"","ocean_menu_typo_spacing":0,"ocean_menu_typo_spacing_tablet":0,"ocean_menu_typo_spacing_mobile":0,"ocean_menu_typo_spacing_unit":"","ocean_menu_link_color":"","ocean_menu_link_color_hover":"","ocean_menu_link_color_active":"","ocean_menu_link_background":"","ocean_menu_link_hover_background":"","ocean_menu_link_active_background":"","ocean_menu_social_links_bg":"","ocean_menu_social_hover_links_bg":"","ocean_menu_social_links_color":"","ocean_menu_social_hover_links_color":"","ocean_disable_title":"default","ocean_disable_heading":"default","ocean_post_title":"","ocean_post_subheading":"","ocean_post_title_style":"","ocean_post_title_background_color":"","ocean_post_title_background":0,"ocean_post_title_bg_image_position":"","ocean_post_title_bg_image_attachment":"","ocean_post_title_bg_image_repeat":"","ocean_post_title_bg_image_size":"","ocean_post_title_height":0,"ocean_post_title_bg_overlay":0.5,"ocean_post_title_bg_overlay_color":"","ocean_disable_breadcrumbs":"default","ocean_breadcrumbs_color":"","ocean_breadcrumbs_separator_color":"","ocean_breadcrumbs_links_color":"","ocean_breadcrumbs_links_hover_color":"","ocean_display_footer_widgets":"default","ocean_display_footer_bottom":"default","ocean_custom_footer_template":"","footnotes":""},"class_list":["post-11","page","type-page","status-publish","has-post-thumbnail","hentry","entry","has-media","owp-thumbs-layout-horizontal","owp-btn-normal","owp-tabs-layout-section","has-no-thumbnails"],"yoast_head":"<!-- This site is optimized with the Yoast SEO plugin v27.4 - https:\/\/yoast.com\/product\/yoast-seo-wordpress\/ -->\n<title>Kontakt - therapiekletterwand.eu<\/title>\n<meta name=\"description\" content=\"Kontaktieren Sie uns \u00fcber unser Kontaktformular oder schreiben Sie uns per E-Mail. Wir helfen Ihnen gerne bei Ihrem Anliegen.\" \/>\n<meta name=\"robots\" content=\"index, follow, max-snippet:-1, max-image-preview:large, max-video-preview:-1\" \/>\n<link rel=\"canonical\" href=\"https:\/\/therapiekletterwand.eu\/en\/kontakt\/\" \/>\n<meta property=\"og:locale\" content=\"en_GB\" \/>\n<meta property=\"og:type\" content=\"article\" \/>\n<meta property=\"og:title\" content=\"Kontakt - therapiekletterwand.eu\" \/>\n<meta property=\"og:description\" content=\"Kontaktieren Sie uns \u00fcber unser Kontaktformular oder schreiben Sie uns per E-Mail. Wir helfen Ihnen gerne bei Ihrem Anliegen.\" \/>\n<meta property=\"og:url\" content=\"https:\/\/therapiekletterwand.eu\/en\/kontakt\/\" \/>\n<meta property=\"og:site_name\" content=\"therapiekletterwand.eu\" \/>\n<meta property=\"article:publisher\" content=\"https:\/\/www.facebook.com\/therapiekletterwand.eu\" \/>\n<meta property=\"article:modified_time\" content=\"2026-02-06T08:46:09+00:00\" \/>\n<meta property=\"og:image\" content=\"https:\/\/therapiekletterwand.eu\/wp-content\/uploads\/2023\/10\/featured-image.jpg\" \/>\n\t<meta property=\"og:image:width\" content=\"800\" \/>\n\t<meta property=\"og:image:height\" content=\"450\" \/>\n\t<meta property=\"og:image:type\" content=\"image\/jpeg\" \/>\n<meta name=\"twitter:card\" content=\"summary_large_image\" \/>\n<meta name=\"twitter:label1\" content=\"Estimated reading time\" \/>\n\t<meta name=\"twitter:data1\" content=\"1 minute\" \/>\n<script type=\"application\/ld+json\" class=\"yoast-schema-graph\">{\"@context\":\"https:\\\/\\\/schema.org\",\"@graph\":[{\"@type\":\"WebPage\",\"@id\":\"https:\\\/\\\/therapiekletterwand.eu\\\/kontakt\\\/\",\"url\":\"https:\\\/\\\/therapiekletterwand.eu\\\/kontakt\\\/\",\"name\":\"Kontakt - therapiekletterwand.eu\",\"isPartOf\":{\"@id\":\"https:\\\/\\\/therapiekletterwand.eu\\\/#website\"},\"primaryImageOfPage\":{\"@id\":\"https:\\\/\\\/therapiekletterwand.eu\\\/kontakt\\\/#primaryimage\"},\"image\":{\"@id\":\"https:\\\/\\\/therapiekletterwand.eu\\\/kontakt\\\/#primaryimage\"},\"thumbnailUrl\":\"https:\\\/\\\/therapiekletterwand.eu\\\/wp-content\\\/uploads\\\/2023\\\/10\\\/featured-image.jpg\",\"datePublished\":\"2023-09-10T09:56:15+00:00\",\"dateModified\":\"2026-02-06T08:46:09+00:00\",\"description\":\"Kontaktieren Sie uns \u00fcber unser Kontaktformular oder schreiben Sie uns per E-Mail. Wir helfen Ihnen gerne bei Ihrem Anliegen.\",\"breadcrumb\":{\"@id\":\"https:\\\/\\\/therapiekletterwand.eu\\\/kontakt\\\/#breadcrumb\"},\"inLanguage\":\"en-GB\",\"potentialAction\":[{\"@type\":\"ReadAction\",\"target\":[\"https:\\\/\\\/therapiekletterwand.eu\\\/kontakt\\\/\"]}]},{\"@type\":\"ImageObject\",\"inLanguage\":\"en-GB\",\"@id\":\"https:\\\/\\\/therapiekletterwand.eu\\\/kontakt\\\/#primaryimage\",\"url\":\"https:\\\/\\\/therapiekletterwand.eu\\\/wp-content\\\/uploads\\\/2023\\\/10\\\/featured-image.jpg\",\"contentUrl\":\"https:\\\/\\\/therapiekletterwand.eu\\\/wp-content\\\/uploads\\\/2023\\\/10\\\/featured-image.jpg\",\"width\":800,\"height\":450},{\"@type\":\"BreadcrumbList\",\"@id\":\"https:\\\/\\\/therapiekletterwand.eu\\\/kontakt\\\/#breadcrumb\",\"itemListElement\":[{\"@type\":\"ListItem\",\"position\":1,\"name\":\"Startseite\",\"item\":\"https:\\\/\\\/therapiekletterwand.eu\\\/\"},{\"@type\":\"ListItem\",\"position\":2,\"name\":\"Kontakt\"}]},{\"@type\":\"WebSite\",\"@id\":\"https:\\\/\\\/therapiekletterwand.eu\\\/#website\",\"url\":\"https:\\\/\\\/therapiekletterwand.eu\\\/\",\"name\":\"therapiekletterwand.eu\",\"description\":\"Kletterw\u00e4nde\",\"publisher\":{\"@id\":\"https:\\\/\\\/therapiekletterwand.eu\\\/#organization\"},\"alternateName\":\"Kletterw\u00e4nde - Robert Roithinger\",\"potentialAction\":[{\"@type\":\"SearchAction\",\"target\":{\"@type\":\"EntryPoint\",\"urlTemplate\":\"https:\\\/\\\/therapiekletterwand.eu\\\/?s={search_term_string}\"},\"query-input\":{\"@type\":\"PropertyValueSpecification\",\"valueRequired\":true,\"valueName\":\"search_term_string\"}}],\"inLanguage\":\"en-GB\"},{\"@type\":\"Organization\",\"@id\":\"https:\\\/\\\/therapiekletterwand.eu\\\/#organization\",\"name\":\"therapiekletterwand.eu\",\"url\":\"https:\\\/\\\/therapiekletterwand.eu\\\/\",\"logo\":{\"@type\":\"ImageObject\",\"inLanguage\":\"en-GB\",\"@id\":\"https:\\\/\\\/therapiekletterwand.eu\\\/#\\\/schema\\\/logo\\\/image\\\/\",\"url\":\"https:\\\/\\\/therapiekletterwand.eu\\\/wp-content\\\/uploads\\\/2023\\\/10\\\/logo-therapiekletterwand.png\",\"contentUrl\":\"https:\\\/\\\/therapiekletterwand.eu\\\/wp-content\\\/uploads\\\/2023\\\/10\\\/logo-therapiekletterwand.png\",\"width\":300,\"height\":342,\"caption\":\"therapiekletterwand.eu\"},\"image\":{\"@id\":\"https:\\\/\\\/therapiekletterwand.eu\\\/#\\\/schema\\\/logo\\\/image\\\/\"},\"sameAs\":[\"https:\\\/\\\/www.facebook.com\\\/therapiekletterwand.eu\",\"https:\\\/\\\/www.instagram.com\\\/therapiekletterwand.eu\\\/\"]}]}<\/script>\n<!-- \/ Yoast SEO plugin. -->","yoast_head_json":{"title":"Kontakt - therapiekletterwand.eu","description":"Kontaktieren Sie uns \u00fcber unser Kontaktformular oder schreiben Sie uns per E-Mail. Wir helfen Ihnen gerne bei Ihrem Anliegen.","robots":{"index":"index","follow":"follow","max-snippet":"max-snippet:-1","max-image-preview":"max-image-preview:large","max-video-preview":"max-video-preview:-1"},"canonical":"https:\/\/therapiekletterwand.eu\/en\/kontakt\/","og_locale":"en_GB","og_type":"article","og_title":"Kontakt - therapiekletterwand.eu","og_description":"Kontaktieren Sie uns \u00fcber unser Kontaktformular oder schreiben Sie uns per E-Mail. Wir helfen Ihnen gerne bei Ihrem Anliegen.","og_url":"https:\/\/therapiekletterwand.eu\/en\/kontakt\/","og_site_name":"therapiekletterwand.eu","article_publisher":"https:\/\/www.facebook.com\/therapiekletterwand.eu","article_modified_time":"2026-02-06T08:46:09+00:00","og_image":[{"width":800,"height":450,"url":"https:\/\/therapiekletterwand.eu\/wp-content\/uploads\/2023\/10\/featured-image.jpg","type":"image\/jpeg"}],"twitter_card":"summary_large_image","twitter_misc":{"Estimated reading time":"1 minute"},"schema":{"@context":"https:\/\/schema.org","@graph":[{"@type":"WebPage","@id":"https:\/\/therapiekletterwand.eu\/kontakt\/","url":"https:\/\/therapiekletterwand.eu\/kontakt\/","name":"Kontakt - therapiekletterwand.eu","isPartOf":{"@id":"https:\/\/therapiekletterwand.eu\/#website"},"primaryImageOfPage":{"@id":"https:\/\/therapiekletterwand.eu\/kontakt\/#primaryimage"},"image":{"@id":"https:\/\/therapiekletterwand.eu\/kontakt\/#primaryimage"},"thumbnailUrl":"https:\/\/therapiekletterwand.eu\/wp-content\/uploads\/2023\/10\/featured-image.jpg","datePublished":"2023-09-10T09:56:15+00:00","dateModified":"2026-02-06T08:46:09+00:00","description":"Kontaktieren Sie uns \u00fcber unser Kontaktformular oder schreiben Sie uns per E-Mail. Wir helfen Ihnen gerne bei Ihrem Anliegen.","breadcrumb":{"@id":"https:\/\/therapiekletterwand.eu\/kontakt\/#breadcrumb"},"inLanguage":"en-GB","potentialAction":[{"@type":"ReadAction","target":["https:\/\/therapiekletterwand.eu\/kontakt\/"]}]},{"@type":"ImageObject","inLanguage":"en-GB","@id":"https:\/\/therapiekletterwand.eu\/kontakt\/#primaryimage","url":"https:\/\/therapiekletterwand.eu\/wp-content\/uploads\/2023\/10\/featured-image.jpg","contentUrl":"https:\/\/therapiekletterwand.eu\/wp-content\/uploads\/2023\/10\/featured-image.jpg","width":800,"height":450},{"@type":"BreadcrumbList","@id":"https:\/\/therapiekletterwand.eu\/kontakt\/#breadcrumb","itemListElement":[{"@type":"ListItem","position":1,"name":"Startseite","item":"https:\/\/therapiekletterwand.eu\/"},{"@type":"ListItem","position":2,"name":"Kontakt"}]},{"@type":"WebSite","@id":"https:\/\/therapiekletterwand.eu\/#website","url":"https:\/\/therapiekletterwand.eu\/","name":"therapiekletterwand.eu","description":"Climbing Walls","publisher":{"@id":"https:\/\/therapiekletterwand.eu\/#organization"},"alternateName":"Kletterw\u00e4nde - Robert Roithinger","potentialAction":[{"@type":"SearchAction","target":{"@type":"EntryPoint","urlTemplate":"https:\/\/therapiekletterwand.eu\/?s={search_term_string}"},"query-input":{"@type":"PropertyValueSpecification","valueRequired":true,"valueName":"search_term_string"}}],"inLanguage":"en-GB"},{"@type":"Organization","@id":"https:\/\/therapiekletterwand.eu\/#organization","name":"therapiekletterwand.eu","url":"https:\/\/therapiekletterwand.eu\/","logo":{"@type":"ImageObject","inLanguage":"en-GB","@id":"https:\/\/therapiekletterwand.eu\/#\/schema\/logo\/image\/","url":"https:\/\/therapiekletterwand.eu\/wp-content\/uploads\/2023\/10\/logo-therapiekletterwand.png","contentUrl":"https:\/\/therapiekletterwand.eu\/wp-content\/uploads\/2023\/10\/logo-therapiekletterwand.png","width":300,"height":342,"caption":"therapiekletterwand.eu"},"image":{"@id":"https:\/\/therapiekletterwand.eu\/#\/schema\/logo\/image\/"},"sameAs":["https:\/\/www.facebook.com\/therapiekletterwand.eu","https:\/\/www.instagram.com\/therapiekletterwand.eu\/"]}]}},"rttpg_featured_image_url":{"full":["https:\/\/therapiekletterwand.eu\/wp-content\/uploads\/2023\/10\/featured-image.jpg",800,450,false],"landscape":["https:\/\/therapiekletterwand.eu\/wp-content\/uploads\/2023\/10\/featured-image.jpg",800,450,false],"portraits":["https:\/\/therapiekletterwand.eu\/wp-content\/uploads\/2023\/10\/featured-image.jpg",800,450,false],"thumbnail":["https:\/\/therapiekletterwand.eu\/wp-content\/uploads\/2023\/10\/featured-image-150x150.jpg",150,150,true],"medium":["https:\/\/therapiekletterwand.eu\/wp-content\/uploads\/2023\/10\/featured-image-300x169.jpg",300,169,true],"large":["https:\/\/therapiekletterwand.eu\/wp-content\/uploads\/2023\/10\/featured-image.jpg",800,450,false],"1536x1536":["https:\/\/therapiekletterwand.eu\/wp-content\/uploads\/2023\/10\/featured-image.jpg",800,450,false],"2048x2048":["https:\/\/therapiekletterwand.eu\/wp-content\/uploads\/2023\/10\/featured-image.jpg",800,450,false],"trp-custom-language-flag":["https:\/\/therapiekletterwand.eu\/wp-content\/uploads\/2023\/10\/featured-image.jpg",18,10,false],"ocean-thumb-m":["https:\/\/therapiekletterwand.eu\/wp-content\/uploads\/2023\/10\/featured-image-600x450.jpg",600,450,true],"ocean-thumb-ml":["https:\/\/therapiekletterwand.eu\/wp-content\/uploads\/2023\/10\/featured-image.jpg",800,450,false],"ocean-thumb-l":["https:\/\/therapiekletterwand.eu\/wp-content\/uploads\/2023\/10\/featured-image.jpg",800,450,false],"woocommerce_thumbnail":["https:\/\/therapiekletterwand.eu\/wp-content\/uploads\/2023\/10\/featured-image-300x300.jpg",300,300,true],"woocommerce_single":["https:\/\/therapiekletterwand.eu\/wp-content\/uploads\/2023\/10\/featured-image-600x338.jpg",600,338,true],"woocommerce_gallery_thumbnail":["https:\/\/therapiekletterwand.eu\/wp-content\/uploads\/2023\/10\/featured-image-100x100.jpg",100,100,true]},"rttpg_author":{"display_name":"Michael Roithinger","author_link":"https:\/\/therapiekletterwand.eu\/en\/author\/wp-admin\/"},"rttpg_comment":0,"rttpg_category":null,"rttpg_excerpt":"Schicken Sie uns Ihre Anfrage! Wir freuen uns \u00fcber Ihre Nachricht. Ob Fragen, Ideen oder konkrete Projektanfragen, wir sind gerne f\u00fcr Sie da. Schreiben Sie uns, und wir melden uns zeitnah zur\u00fcck. office@therapiekletterwand.eu +43 7435 50242 +43 680 33 22 4 99 Please enable JavaScript in your browser to complete this form.Please enable JavaScript in&hellip;","_links":{"self":[{"href":"https:\/\/therapiekletterwand.eu\/en\/wp-json\/wp\/v2\/pages\/11","targetHints":{"allow":["GET"]}}],"collection":[{"href":"https:\/\/therapiekletterwand.eu\/en\/wp-json\/wp\/v2\/pages"}],"about":[{"href":"https:\/\/therapiekletterwand.eu\/en\/wp-json\/wp\/v2\/types\/page"}],"author":[{"embeddable":true,"href":"https:\/\/therapiekletterwand.eu\/en\/wp-json\/wp\/v2\/users\/1"}],"replies":[{"embeddable":true,"href":"https:\/\/therapiekletterwand.eu\/en\/wp-json\/wp\/v2\/comments?post=11"}],"version-history":[{"count":46,"href":"https:\/\/therapiekletterwand.eu\/en\/wp-json\/wp\/v2\/pages\/11\/revisions"}],"predecessor-version":[{"id":5007,"href":"https:\/\/therapiekletterwand.eu\/en\/wp-json\/wp\/v2\/pages\/11\/revisions\/5007"}],"wp:featuredmedia":[{"embeddable":true,"href":"https:\/\/therapiekletterwand.eu\/en\/wp-json\/wp\/v2\/media\/2707"}],"wp:attachment":[{"href":"https:\/\/therapiekletterwand.eu\/en\/wp-json\/wp\/v2\/media?parent=11"}],"curies":[{"name":"wp","href":"https:\/\/api.w.org\/{rel}","templated":true}]}}